{"id":1104,"date":"2025-07-21T08:01:39","date_gmt":"2025-07-21T08:01:39","guid":{"rendered":"https:\/\/escapdella.com\/savinya\/?page_id=1104"},"modified":"2025-09-18T05:24:34","modified_gmt":"2025-09-18T05:24:34","slug":"politica-de-cookies","status":"publish","type":"page","link":"https:\/\/escapdella.com\/savinya\/politica-de-cookies\/","title":{"rendered":"Pol\u00edtica de cookies"},"content":{"rendered":"\t\t<div data-elementor-type=\"wp-page\" data-elementor-id=\"1104\" class=\"elementor elementor-1104\" data-elementor-post-type=\"page\">\n\t\t\t\t<div class=\"elementor-element elementor-element-73e3d3d e-flex e-con-boxed e-con e-parent\" data-id=\"73e3d3d\" data-element_type=\"container\" data-e-type=\"container\" data-settings=\"{&quot;background_background&quot;:&quot;classic&quot;}\">\n\t\t\t\t\t<div class=\"e-con-inner\">\n\t\t\t\t\t<\/div>\n\t\t\t\t<\/div>\n\t\t<div class=\"elementor-element elementor-element-b3b2154 e-flex e-con-boxed e-con e-parent\" data-id=\"b3b2154\" data-element_type=\"container\" data-e-type=\"container\" data-settings=\"{&quot;background_background&quot;:&quot;classic&quot;}\">\n\t\t\t\t\t<div class=\"e-con-inner\">\n\t\t\t\t<div class=\"elementor-element elementor-element-d088dcf elementor-widget elementor-widget-heading\" data-id=\"d088dcf\" data-element_type=\"widget\" data-e-type=\"widget\" data-widget_type=\"heading.default\">\n\t\t\t\t<div class=\"elementor-widget-container\">\n\t\t\t\t\t<h1 class=\"elementor-heading-title elementor-size-default\">Pol\u00edtica de Cookies<\/h1>\t\t\t\t<\/div>\n\t\t\t\t<\/div>\n\t\t\t\t<div class=\"elementor-element elementor-element-56fe0c6 elementor-widget elementor-widget-text-editor\" data-id=\"56fe0c6\" data-element_type=\"widget\" data-e-type=\"widget\" data-widget_type=\"text-editor.default\">\n\t\t\t\t<div class=\"elementor-widget-container\">\n\t\t\t\t\t\t\t\t\t<div class=\"page\" title=\"Page 1\"><div class=\"section\"><div class=\"layoutArea\"><div class=\"column\"><p><i><span style=\"font-weight: 400;\">\u00daltima actualizaci\u00f3n: 24 de julio de 2025<\/span><\/i><\/p><p><b>Sumario<\/b><\/p><ul><li style=\"font-weight: 400;\" aria-level=\"1\"><span style=\"font-weight: 400;\">Cookies usadas: Propias y de terceros<\/span><\/li><\/ul><ul><li style=\"font-weight: 400;\" aria-level=\"1\"><span style=\"font-weight: 400;\">\u00bfSe usan para obtener estad\u00edsticas? S\u00ed<\/span><\/li><\/ul><ul><li style=\"font-weight: 400;\" aria-level=\"1\"><span style=\"font-weight: 400;\">\u00bfSe usan para publicidad? No<\/span><\/li><\/ul><p><b>C\u00f3mo configurar y deshabilitar las cookies<\/b><\/p><p><span style=\"font-weight: 400;\">Puedes permitir, bloquear o eliminar las cookies instaladas en tu dispositivo desde tu navegador web. Si no permites la instalaci\u00f3n de cookies en tu dispositivo, puede que la experiencia de navegaci\u00f3n empeore. A continuaci\u00f3n puedes encontrar c\u00f3mo configurar las cookies en cada navegador:<\/span><\/p><p><span style=\"font-weight: 400;\">&#8211;<\/span><a href=\"http:\/\/windows.microsoft.com\/es-es\/windows-10\/edge-privacy-faq\"> <span style=\"font-weight: 400;\">Edge<\/span><\/a><\/p><p><span style=\"font-weight: 400;\">&#8211;<\/span><a href=\"https:\/\/support.google.com\/chrome\/answer\/95647?hl=es\"> <span style=\"font-weight: 400;\">Google Chrome<\/span><\/a><\/p><p><span style=\"font-weight: 400;\">&#8211;<\/span><a href=\"https:\/\/support.google.com\/chrome\/answer\/114662?hl=es&amp;visit_id=1-636664625754483085-1648636281&amp;rd=1&amp;co=GENIE.Platform%3DAndroid&amp;oco=1\"><span style=\"font-weight: 400;\"> Google Android<\/span><\/a><\/p><p><span style=\"font-weight: 400;\">&#8211;<\/span><a href=\"https:\/\/support.microsoft.com\/es-es\/help\/17442\/windows-internet-explorer-delete-manage-cookies\"><span style=\"font-weight: 400;\"> Internet Explorer 8<\/span><\/a><\/p><p><span style=\"font-weight: 400;\">&#8211;<\/span><a href=\"https:\/\/support.microsoft.com\/es-es\/help\/278835\/how-to-delete-cookie-files-in-internet-explorer\"><span style=\"font-weight: 400;\"> Internet Explorer 9<\/span><\/a><\/p><p><span style=\"font-weight: 400;\">&#8211;<\/span><a href=\"https:\/\/support.microsoft.com\/es-es\/help\/17442\/windows-internet-explorer-delete-manage-cookies#ie=ie-10\"><span style=\"font-weight: 400;\"> Internet Explorer 11<\/span><\/a><\/p><p><span style=\"font-weight: 400;\">&#8211;<\/span><a href=\"https:\/\/support.mozilla.org\/es\/kb\/habilitar-y-deshabilitar-cookies-que-los-sitios-we\"> <span style=\"font-weight: 400;\">Mozilla Firefox<\/span><\/a><\/p><p><span style=\"font-weight: 400;\">&#8211;<\/span><a href=\"https:\/\/help.opera.com\/en\/latest\/web-preferences\/#cookies\"><span style=\"font-weight: 400;\"> Opera<\/span><\/a><\/p><p><span style=\"font-weight: 400;\">&#8211; <\/span><a href=\"https:\/\/support.apple.com\/es-es\/guide\/safari\/sfri11471\/mac\"><span style=\"font-weight: 400;\">Safari<\/span><\/a><\/p><p><span style=\"font-weight: 400;\">&#8211;<\/span><a href=\"https:\/\/support.apple.com\/es-es\/HT201265\"> <span style=\"font-weight: 400;\">Safari Mobile<\/span><\/a><\/p><p><span style=\"font-weight: 400;\">&#8211; <\/span><a href=\"https:\/\/support.brave.com\/hc\/en-us\/articles\/360050634931-How-Do-I-Manage-Cookies-In-Brave-\"><span style=\"font-weight: 400;\">Brave<\/span><\/a><\/p><p><b>1.- Tipos y usos<\/b><\/p><p><span style=\"font-weight: 400;\">El servicio usa cookies propias y de terceros para mejorar la navegaci\u00f3n, proporcionar el servicio y obtener estad\u00edsticas sobre el uso de la p\u00e1gina web.<\/span><\/p><p><b>2.- \u00bfQu\u00e9 es una cookie y para qu\u00e9 sirve?<\/b><\/p><p><span style=\"font-weight: 400;\">Una cookie es un fichero de texto que se env\u00eda al navegador web de tu ordenador, m\u00f3vil o tablet y que sirve para almacenar y recuperar informaci\u00f3n sobre la navegaci\u00f3n realizada. Por ejemplo, recordar tu nombre de usuario y contrase\u00f1a o las preferencias de tu perfil.<\/span><\/p><p><b>3.- \u00bfQu\u00e9 tipos de cookies hay?<\/b><\/p><p><span style=\"font-weight: 400;\">Seg\u00fan qui\u00e9n las gestiona:<\/span><\/p><ul><li style=\"font-weight: 400;\" aria-level=\"1\"><span style=\"font-weight: 400;\">Cookies propias<\/span><span style=\"font-weight: 400;\">; se env\u00edan a tu navegador desde nuestros equipos o dominios web.<\/span><\/li><\/ul><ul><li style=\"font-weight: 400;\" aria-level=\"1\"><span style=\"font-weight: 400;\">Cookies de terceros<\/span><span style=\"font-weight: 400;\">; se env\u00edan a tu navegador desde un equipo o dominio web que no gestionamos nosotros directamente, sino una tercera entidad como por ejemplo Google.<\/span><\/li><\/ul><p><span style=\"font-weight: 400;\">En funci\u00f3n del tiempo que est\u00e1n activas, hay:<\/span><\/p><ul><li style=\"font-weight: 400;\" aria-level=\"1\"><span style=\"font-weight: 400;\">Cookies de sesi\u00f3n;<\/span><span style=\"font-weight: 400;\"> permanecen en el archivo de cookies de tu navegador hasta que abandonas la p\u00e1gina web, de modo que ninguna queda en tu dispositivo.<\/span><\/li><\/ul><ul><li style=\"font-weight: 400;\" aria-level=\"1\"><span style=\"font-weight: 400;\">Cookies persistentes;<\/span><span style=\"font-weight: 400;\"> permanecen en tu dispositivo y nuestra web las lee cada vez que realizas una nueva visita. Estas cookies dejan de funcionar pasada una fecha concreta.<\/span><\/li><\/ul><p><span style=\"font-weight: 400;\">Finalmente, y seg\u00fan su finalidad, tenemos:<\/span><\/p><ul><li style=\"font-weight: 400;\" aria-level=\"1\"><span style=\"font-weight: 400;\">Cookies t\u00e9cnicas;<\/span><span style=\"font-weight: 400;\"> mejoran la navegaci\u00f3n y el buen funcionamiento de la web.<\/span><\/li><\/ul><ul><li style=\"font-weight: 400;\" aria-level=\"1\"><span style=\"font-weight: 400;\">Cookies de personalizaci\u00f3n;<\/span><span style=\"font-weight: 400;\"> permiten acceder al servicio con unas caracter\u00edsticas predefinidas en funci\u00f3n de una serie de criterios.<\/span><\/li><\/ul><ul><li style=\"font-weight: 400;\" aria-level=\"1\"><span style=\"font-weight: 400;\">Cookies de an\u00e1lisis;<\/span><span style=\"font-weight: 400;\"> permiten medir y analizar estad\u00edsticamente el uso que se hace del servicio prestado.<\/span><\/li><\/ul><p><span style=\"font-weight: 400;\">Cookies usadas:<\/span><\/p><table><tbody><tr><td><p><b>Nombre<\/b><\/p><\/td><td><p><b>Proveedor<\/b><\/p><\/td><td><p><b>Duraci\u00f3n<\/b><\/p><\/td><td><p><b>Tipo<\/b><\/p><\/td><td><p><b>Descripci\u00f3n<\/b><\/p><\/td><\/tr><tr><td><p><span style=\"font-weight: 400;\">wordpress_test_cookie<\/span><\/p><\/td><td><p><span style=\"font-weight: 400;\">WordPress<\/span><\/p><\/td><td><p><span style=\"font-weight: 400;\">Sesi\u00f3n<\/span><\/p><\/td><td><p><span style=\"font-weight: 400;\">Necesaria<\/span><\/p><\/td><td><p><span style=\"font-weight: 400;\">Se usa para comprobar si el navegador del usuario admite cookies. No contiene datos personales.<\/span><\/p><\/td><\/tr><tr><td><p><span style=\"font-weight: 400;\">wp-settings-[user_id]<\/span><\/p><\/td><td><p><span style=\"font-weight: 400;\">WordPress<\/span><\/p><\/td><td><p><span style=\"font-weight: 400;\">1 a\u00f1o<\/span><\/p><\/td><td><p><span style=\"font-weight: 400;\">Funcionalidad<\/span><\/p><\/td><td><p><span style=\"font-weight: 400;\">Personaliza la vista de la administraci\u00f3n y, en algunos casos, la interfaz principal del sitio.<\/span><\/p><\/td><\/tr><tr><td><p><span style=\"font-weight: 400;\">wp-settings-time-[user_id]<\/span><\/p><\/td><td><p><span style=\"font-weight: 400;\">WordPress<\/span><\/p><\/td><td><p><span style=\"font-weight: 400;\">1 a\u00f1o<\/span><\/p><\/td><td><p><span style=\"font-weight: 400;\">Funcionalidad<\/span><\/p><\/td><td><p><span style=\"font-weight: 400;\">Almacena la hora en que se configur\u00f3 la vista personalizada en el \u00e1rea de administraci\u00f3n. No afecta a los visitantes del sitio web.<\/span><\/p><\/td><\/tr><tr><td><p><span style=\"font-weight: 400;\">comment_author_[hash]<\/span><\/p><\/td><td><p><span style=\"font-weight: 400;\">WordPress<\/span><\/p><\/td><td><p><span style=\"font-weight: 400;\">1 a\u00f1o<\/span><\/p><\/td><td><p><span style=\"font-weight: 400;\">Preferencias<\/span><\/p><\/td><td><p><span style=\"font-weight: 400;\">Guarda el nombre del autor de un comentario para que no lo tenga que introducir nuevamente en futuras visitas.<\/span><\/p><\/td><\/tr><tr><td><p><span style=\"font-weight: 400;\">comment_author_email_[hash]<\/span><\/p><\/td><td><p><span style=\"font-weight: 400;\">WordPress<\/span><\/p><\/td><td><p><span style=\"font-weight: 400;\">1 a\u00f1o<\/span><\/p><\/td><td><p><span style=\"font-weight: 400;\">Preferencias<\/span><\/p><\/td><td><p><span style=\"font-weight: 400;\">Almacena la direcci\u00f3n de correo del autor de un comentario para facilitar futuras visitas.<\/span><\/p><\/td><\/tr><tr><td><p><span style=\"font-weight: 400;\">comment_author_url_[hash]<\/span><\/p><\/td><td><p><span style=\"font-weight: 400;\">WordPress<\/span><\/p><\/td><td><p><span style=\"font-weight: 400;\">1 a\u00f1o<\/span><\/p><\/td><td><p><span style=\"font-weight: 400;\">Preferencias<\/span><\/p><\/td><td><p><span style=\"font-weight: 400;\">Guarda la URL del sitio web del autor del comentario para futuras visitas.<\/span><\/p><\/td><\/tr><tr><td><p><span style=\"font-weight: 400;\">moove_gdpr_popup<\/span><\/p><\/td><td><p><span style=\"font-weight: 400;\">GDPR Cookie Compliance<\/span><\/p><\/td><td><p><span style=\"font-weight: 400;\">1 a\u00f1o<\/span><\/p><\/td><td><p><span style=\"font-weight: 400;\">Necesaria<\/span><\/p><\/td><td><p><span style=\"font-weight: 400;\">Almacena las preferencias de consentimiento del usuario para cargar las cookies correctas seg\u00fan su elecci\u00f3n.<\/span><\/p><\/td><\/tr><tr><td><p><span style=\"font-weight: 400;\">moove_gdpr_strictly_necessary<\/span><\/p><\/td><td><p><span style=\"font-weight: 400;\">GDPR Cookie Compliance<\/span><\/p><\/td><td><p><span style=\"font-weight: 400;\">1 a\u00f1o<\/span><\/p><\/td><td><p><span style=\"font-weight: 400;\">Necesaria<\/span><\/p><\/td><td><p><span style=\"font-weight: 400;\">Guarda el consentimiento del usuario para las cookies estrictamente necesarias, garantizando que solo se usen si han sido aceptadas.<\/span><\/p><\/td><\/tr><tr><td><p><span style=\"font-weight: 400;\">_GRECAPTCHA<\/span><\/p><\/td><td><p><span style=\"font-weight: 400;\">Google reCAPTCHA<\/span><\/p><\/td><td><p><span style=\"font-weight: 400;\">6 meses<\/span><\/p><\/td><td><p><span style=\"font-weight: 400;\">Seguridad<\/span><\/p><\/td><td><p><span style=\"font-weight: 400;\">Se utiliza para proteger los formularios del sitio contra spam y bots. Verifica si el usuario es humano.<\/span><\/p><\/td><\/tr><tr><td><p><span style=\"font-weight: 400;\">NID<\/span><\/p><\/td><td><p><span style=\"font-weight: 400;\">Google reCAPTCHA<\/span><\/p><\/td><td><p><span style=\"font-weight: 400;\">6 meses<\/span><\/p><\/td><td><p><span style=\"font-weight: 400;\">Seguridad<\/span><\/p><\/td><td><p><span style=\"font-weight: 400;\">Esta cookie almacena las preferencias del usuario, como el idioma o configuraciones de b\u00fasqueda, y se utiliza para garantizar una navegaci\u00f3n segura.<\/span><\/p><\/td><\/tr><tr><td><p><span style=\"font-weight: 400;\">_ga<\/span><\/p><\/td><td><p><span style=\"font-weight: 400;\">Google<\/span><\/p><\/td><td><p><span style=\"font-weight: 400;\">2 a\u00f1os<\/span><\/p><\/td><td><p><span style=\"font-weight: 400;\">Anal\u00edtica<\/span><\/p><\/td><td><p><span style=\"font-weight: 400;\">Se utiliza para distinguir a los usuarios asign\u00e1ndoles un identificador \u00fanico, lo que ayuda a analizar las interacciones con el sitio web.<\/span><\/p><\/td><\/tr><tr><td><p><span style=\"font-weight: 400;\">_gid<\/span><\/p><\/td><td><p><span style=\"font-weight: 400;\">Google<\/span><\/p><\/td><td><p><span style=\"font-weight: 400;\">24 horas<\/span><\/p><\/td><td><p><span style=\"font-weight: 400;\">Anal\u00edtica<\/span><\/p><\/td><td><p><span style=\"font-weight: 400;\">Se utiliza para distinguir a los usuarios en un per\u00edodo m\u00e1s corto que _ga, registrando sus actividades dentro del sitio durante una visita.<\/span><\/p><\/td><\/tr><tr><td><p><span style=\"font-weight: 400;\">_gat<\/span><\/p><\/td><td><p><span style=\"font-weight: 400;\">Google<\/span><\/p><\/td><td><p><span style=\"font-weight: 400;\">1 minuto<\/span><\/p><\/td><td><p><span style=\"font-weight: 400;\">Anal\u00edtica<\/span><\/p><\/td><td><p><span style=\"font-weight: 400;\">Se usa para limitar el porcentaje de solicitudes, evitando la sobrecarga de solicitudes de datos en sitios con alto tr\u00e1fico.<\/span><\/p><\/td><\/tr><tr><td><p><span style=\"font-weight: 400;\">_dc_gtm_UA-[container-id]<\/span><\/p><\/td><td><p><span style=\"font-weight: 400;\">Google Tag Manager<\/span><\/p><\/td><td><p><span style=\"font-weight: 400;\">1 minuto<\/span><\/p><\/td><td><p><span style=\"font-weight: 400;\">Funcionalidad<\/span><\/p><\/td><td><p><span style=\"font-weight: 400;\">Cookie utilizada por Google Tag Manager para cargar otras etiquetas o scripts, como Google Analytics. No almacena informaci\u00f3n personal directamente.<\/span><\/p><\/td><\/tr><tr><td><p><span style=\"font-weight: 400;\">_fbp<\/span><\/p><\/td><td><p><span style=\"font-weight: 400;\">Facebook Pixel<\/span><\/p><\/td><td><p><span style=\"font-weight: 400;\">3 meses<\/span><\/p><\/td><td><p><span style=\"font-weight: 400;\">Marketing<\/span><\/p><\/td><td><p><span style=\"font-weight: 400;\">Utilizada por Facebook para proporcionar una serie de productos publicitarios como pujas en tiempo real de terceros.<\/span><\/p><\/td><\/tr><tr><td><p><span style=\"font-weight: 400;\">fr<\/span><\/p><\/td><td><p><span style=\"font-weight: 400;\">Facebook Pixel<\/span><\/p><\/td><td><p><span style=\"font-weight: 400;\">3 meses<\/span><\/p><\/td><td><p><span style=\"font-weight: 400;\">Marketing<\/span><\/p><\/td><td><p><span style=\"font-weight: 400;\">Contiene el identificador del navegador y se usa para la publicidad dirigida y la medici\u00f3n del rendimiento de los anuncios de Facebook.<\/span><\/p><\/td><\/tr><\/tbody><\/table><\/div><\/div><\/div><\/div>\t\t\t\t\t\t\t\t<\/div>\n\t\t\t\t<\/div>\n\t\t\t\t\t<\/div>\n\t\t\t\t<\/div>\n\t\t\t\t<\/div>\n\t\t","protected":false},"excerpt":{"rendered":"<p>Pol\u00edtica de Cookies \u00daltima actualizaci\u00f3n: 24 de julio de 2025 Sumario Cookies usadas: Propias y de terceros \u00bfSe usan para obtener estad\u00edsticas? S\u00ed \u00bfSe usan para publicidad? No C\u00f3mo configurar y deshabilitar las cookies Puedes permitir, bloquear o eliminar las cookies instaladas en tu dispositivo desde tu navegador web. Si no permites la instalaci\u00f3n de [&hellip;]<\/p>\n","protected":false},"author":2,"featured_media":0,"parent":0,"menu_order":0,"comment_status":"closed","ping_status":"closed","template":"","meta":{"_joinchat":[],"footnotes":""},"class_list":["post-1104","page","type-page","status-publish","hentry"],"yoast_head":"<!-- This site is optimized with the Yoast SEO plugin v27.2 - https:\/\/yoast.com\/product\/yoast-seo-wordpress\/ -->\n<title>Pol\u00edtica de cookies - Sa Vinya<\/title>\n<meta name=\"robots\" content=\"noindex, follow\" \/>\n<meta property=\"og:locale\" content=\"es_ES\" \/>\n<meta property=\"og:type\" content=\"article\" \/>\n<meta property=\"og:title\" content=\"Pol\u00edtica de cookies - Sa Vinya\" \/>\n<meta property=\"og:description\" content=\"Pol\u00edtica de Cookies \u00daltima actualizaci\u00f3n: 24 de julio de 2025 Sumario Cookies usadas: Propias y de terceros \u00bfSe usan para obtener estad\u00edsticas? S\u00ed \u00bfSe usan para publicidad? No C\u00f3mo configurar y deshabilitar las cookies Puedes permitir, bloquear o eliminar las cookies instaladas en tu dispositivo desde tu navegador web. Si no permites la instalaci\u00f3n de [&hellip;]\" \/>\n<meta property=\"og:url\" content=\"https:\/\/escapdella.com\/savinya\/politica-de-cookies\/\" \/>\n<meta property=\"og:site_name\" content=\"Sa Vinya\" \/>\n<meta property=\"article:publisher\" content=\"https:\/\/www.facebook.com\/savinya1976\/\" \/>\n<meta property=\"article:modified_time\" content=\"2025-09-18T05:24:34+00:00\" \/>\n<meta name=\"twitter:card\" content=\"summary_large_image\" \/>\n<meta name=\"twitter:label1\" content=\"Tiempo de lectura\" \/>\n\t<meta name=\"twitter:data1\" content=\"4 minutos\" \/>\n<script type=\"application\/ld+json\" class=\"yoast-schema-graph\">{\"@context\":\"https:\/\/schema.org\",\"@graph\":[{\"@type\":\"WebPage\",\"@id\":\"https:\/\/escapdella.com\/savinya\/politica-de-cookies\/\",\"url\":\"https:\/\/escapdella.com\/savinya\/politica-de-cookies\/\",\"name\":\"Pol\u00edtica de cookies - Sa Vinya\",\"isPartOf\":{\"@id\":\"https:\/\/escapdella.com\/savinya\/#website\"},\"datePublished\":\"2025-07-21T08:01:39+00:00\",\"dateModified\":\"2025-09-18T05:24:34+00:00\",\"breadcrumb\":{\"@id\":\"https:\/\/escapdella.com\/savinya\/politica-de-cookies\/#breadcrumb\"},\"inLanguage\":\"es\",\"potentialAction\":[{\"@type\":\"ReadAction\",\"target\":[\"https:\/\/escapdella.com\/savinya\/politica-de-cookies\/\"]}]},{\"@type\":\"BreadcrumbList\",\"@id\":\"https:\/\/escapdella.com\/savinya\/politica-de-cookies\/#breadcrumb\",\"itemListElement\":[{\"@type\":\"ListItem\",\"position\":1,\"name\":\"Portada\",\"item\":\"https:\/\/escapdella.com\/savinya\/\"},{\"@type\":\"ListItem\",\"position\":2,\"name\":\"Pol\u00edtica de cookies\"}]},{\"@type\":\"WebSite\",\"@id\":\"https:\/\/escapdella.com\/savinya\/#website\",\"url\":\"https:\/\/escapdella.com\/savinya\/\",\"name\":\"Sa Vinya\",\"description\":\"Restaurant Es Capdell\u00e0\",\"publisher\":{\"@id\":\"https:\/\/escapdella.com\/savinya\/#organization\"},\"potentialAction\":[{\"@type\":\"SearchAction\",\"target\":{\"@type\":\"EntryPoint\",\"urlTemplate\":\"https:\/\/escapdella.com\/savinya\/?s={search_term_string}\"},\"query-input\":{\"@type\":\"PropertyValueSpecification\",\"valueRequired\":true,\"valueName\":\"search_term_string\"}}],\"inLanguage\":\"es\"},{\"@type\":\"Organization\",\"@id\":\"https:\/\/escapdella.com\/savinya\/#organization\",\"name\":\"Sa Vinya\",\"url\":\"https:\/\/escapdella.com\/savinya\/\",\"logo\":{\"@type\":\"ImageObject\",\"inLanguage\":\"es\",\"@id\":\"https:\/\/escapdella.com\/savinya\/#\/schema\/logo\/image\/\",\"url\":\"https:\/\/escapdella.com\/savinya\/wp-content\/uploads\/2025\/07\/SA-VINYA_MENU-GRUPOS.png\",\"contentUrl\":\"https:\/\/escapdella.com\/savinya\/wp-content\/uploads\/2025\/07\/SA-VINYA_MENU-GRUPOS.png\",\"width\":822,\"height\":551,\"caption\":\"Sa Vinya\"},\"image\":{\"@id\":\"https:\/\/escapdella.com\/savinya\/#\/schema\/logo\/image\/\"},\"sameAs\":[\"https:\/\/www.facebook.com\/savinya1976\/\",\"https:\/\/www.instagram.com\/savinya1976\/\"]}]}<\/script>\n<!-- \/ Yoast SEO plugin. -->","yoast_head_json":{"title":"Pol\u00edtica de cookies - Sa Vinya","robots":{"index":"noindex","follow":"follow"},"og_locale":"es_ES","og_type":"article","og_title":"Pol\u00edtica de cookies - Sa Vinya","og_description":"Pol\u00edtica de Cookies \u00daltima actualizaci\u00f3n: 24 de julio de 2025 Sumario Cookies usadas: Propias y de terceros \u00bfSe usan para obtener estad\u00edsticas? S\u00ed \u00bfSe usan para publicidad? No C\u00f3mo configurar y deshabilitar las cookies Puedes permitir, bloquear o eliminar las cookies instaladas en tu dispositivo desde tu navegador web. Si no permites la instalaci\u00f3n de [&hellip;]","og_url":"https:\/\/escapdella.com\/savinya\/politica-de-cookies\/","og_site_name":"Sa Vinya","article_publisher":"https:\/\/www.facebook.com\/savinya1976\/","article_modified_time":"2025-09-18T05:24:34+00:00","twitter_card":"summary_large_image","twitter_misc":{"Tiempo de lectura":"4 minutos"},"schema":{"@context":"https:\/\/schema.org","@graph":[{"@type":"WebPage","@id":"https:\/\/escapdella.com\/savinya\/politica-de-cookies\/","url":"https:\/\/escapdella.com\/savinya\/politica-de-cookies\/","name":"Pol\u00edtica de cookies - Sa Vinya","isPartOf":{"@id":"https:\/\/escapdella.com\/savinya\/#website"},"datePublished":"2025-07-21T08:01:39+00:00","dateModified":"2025-09-18T05:24:34+00:00","breadcrumb":{"@id":"https:\/\/escapdella.com\/savinya\/politica-de-cookies\/#breadcrumb"},"inLanguage":"es","potentialAction":[{"@type":"ReadAction","target":["https:\/\/escapdella.com\/savinya\/politica-de-cookies\/"]}]},{"@type":"BreadcrumbList","@id":"https:\/\/escapdella.com\/savinya\/politica-de-cookies\/#breadcrumb","itemListElement":[{"@type":"ListItem","position":1,"name":"Portada","item":"https:\/\/escapdella.com\/savinya\/"},{"@type":"ListItem","position":2,"name":"Pol\u00edtica de cookies"}]},{"@type":"WebSite","@id":"https:\/\/escapdella.com\/savinya\/#website","url":"https:\/\/escapdella.com\/savinya\/","name":"Sa Vinya","description":"Restaurant Es Capdell\u00e0","publisher":{"@id":"https:\/\/escapdella.com\/savinya\/#organization"},"potentialAction":[{"@type":"SearchAction","target":{"@type":"EntryPoint","urlTemplate":"https:\/\/escapdella.com\/savinya\/?s={search_term_string}"},"query-input":{"@type":"PropertyValueSpecification","valueRequired":true,"valueName":"search_term_string"}}],"inLanguage":"es"},{"@type":"Organization","@id":"https:\/\/escapdella.com\/savinya\/#organization","name":"Sa Vinya","url":"https:\/\/escapdella.com\/savinya\/","logo":{"@type":"ImageObject","inLanguage":"es","@id":"https:\/\/escapdella.com\/savinya\/#\/schema\/logo\/image\/","url":"https:\/\/escapdella.com\/savinya\/wp-content\/uploads\/2025\/07\/SA-VINYA_MENU-GRUPOS.png","contentUrl":"https:\/\/escapdella.com\/savinya\/wp-content\/uploads\/2025\/07\/SA-VINYA_MENU-GRUPOS.png","width":822,"height":551,"caption":"Sa Vinya"},"image":{"@id":"https:\/\/escapdella.com\/savinya\/#\/schema\/logo\/image\/"},"sameAs":["https:\/\/www.facebook.com\/savinya1976\/","https:\/\/www.instagram.com\/savinya1976\/"]}]}},"_links":{"self":[{"href":"https:\/\/escapdella.com\/savinya\/wp-json\/wp\/v2\/pages\/1104","targetHints":{"allow":["GET"]}}],"collection":[{"href":"https:\/\/escapdella.com\/savinya\/wp-json\/wp\/v2\/pages"}],"about":[{"href":"https:\/\/escapdella.com\/savinya\/wp-json\/wp\/v2\/types\/page"}],"author":[{"embeddable":true,"href":"https:\/\/escapdella.com\/savinya\/wp-json\/wp\/v2\/users\/2"}],"replies":[{"embeddable":true,"href":"https:\/\/escapdella.com\/savinya\/wp-json\/wp\/v2\/comments?post=1104"}],"version-history":[{"count":2,"href":"https:\/\/escapdella.com\/savinya\/wp-json\/wp\/v2\/pages\/1104\/revisions"}],"predecessor-version":[{"id":3793,"href":"https:\/\/escapdella.com\/savinya\/wp-json\/wp\/v2\/pages\/1104\/revisions\/3793"}],"wp:attachment":[{"href":"https:\/\/escapdella.com\/savinya\/wp-json\/wp\/v2\/media?parent=1104"}],"curies":[{"name":"wp","href":"https:\/\/api.w.org\/{rel}","templated":true}]}}